{"id":2904,"date":"2021-07-21T11:59:24","date_gmt":"2021-07-21T11:59:24","guid":{"rendered":"https:\/\/campingjonio.com\/exkursionen\/"},"modified":"2022-05-31T12:52:36","modified_gmt":"2022-05-31T12:52:36","slug":"exkursionen","status":"publish","type":"page","link":"https:\/\/campingjonio.com\/de\/exkursionen\/","title":{"rendered":"Exkursionen"},"content":{"rendered":"<section class=\"l-section wpb_row height_small with_img with_shape\"><div class=\"l-section-img\" style=\"background-image: url(https:\/\/campingjonio.com\/wp-content\/uploads\/2021\/07\/camping-jonio-campeggio-sicilia-itinerari-etna-cover.jpg);\" data-img-width=\"1200\" data-img-height=\"810\"><\/div><div class=\"l-section-shape type_triangle-2 pos_bottom\" style=\"color:var(--color-content-bg);height:70px;\"><svg xmlns=\"http:\/\/www.w3.org\/2000\/svg\" viewBox=\"0 0 64 8\" preserveAspectRatio=\"none\" width=\"100%\" height=\"100%\">\r\n\t<path fill=\"currentColor\" d=\"M64 8 L0 8 L0 0 L48 7.9 L64 0 Z\"\/>\r\n<\/svg><\/div><div class=\"l-section-h i-cf\"><div class=\"g-cols vc_row type_default valign_top\"><div class=\"vc_col-sm-12 wpb_column vc_column_container\"><div class=\"vc_column-inner\"><div class=\"wpb_wrapper\"><div class=\"ult-spacer spacer-69de6da11c97f\" data-id=\"69de6da11c97f\" data-height=\"460\" data-height-mobile=\"300\" data-height-tab=\"300\" data-height-tab-portrait=\"300\" data-height-mobile-landscape=\"300\" style=\"clear:both;display:block;\"><\/div><\/div><\/div><\/div><\/div><\/div><\/section><section class=\"l-section wpb_row height_medium\"><div class=\"l-section-h i-cf\"><div class=\"g-cols vc_row type_default valign_top\"><div class=\"vc_col-sm-12 wpb_column vc_column_container\"><div class=\"vc_column-inner\"><div class=\"wpb_wrapper\">[vc_custom_heading text=&#8220;Sizilien besuchen und kennenlernen&#8220; font_container=&#8220;tag:h1|text_align:center&#8220; google_fonts=&#8220;font_family:Handlee%3Aregular|font_style:400%20regular%3A400%3Anormal&#8220; css=&#8220;%7B%22default%22%3A%7B%22color%22%3A%22_header_middle_text_hover%22%2C%22font-size%22%3A%2260px%22%7D%2C%22tablets%22%3A%7B%22color%22%3A%22_header_middle_text_hover%22%2C%22font-size%22%3A%2260px%22%7D%2C%22mobiles%22%3A%7B%22color%22%3A%22_header_middle_text_hover%22%2C%22font-size%22%3A%2264%22%7D%7D&#8220;]<div class=\"wpb_text_column us_custom_06626682 has_text_color\" ><div class=\"wpb_wrapper\"><h3 style=\"text-align: center;\">Zahlreiche Exkursionen vom Campingplatz aus<br \/>\n<\/h3>\n<\/div><\/div><div class=\"wpb_text_column us_custom_75de650a\" ><div class=\"wpb_wrapper\"><p>Vom Camping Jonio starten zahlreiche Exkursionen, mit Transportmitteln, eventuell notwendigen Ausr\u00fcstungen und F\u00fchrer. Jeden Tag werden Besichtigungstouren gemacht, auch individuelle und f\u00fcr gro\u00dfe Gruppen, mit Touren auf den \u00c4tna, die Gole dell&#8217;Alcantara und anderen Zielen, die man sich nicht entgehen lassen sollte. Entdecken Sie alle Exkursionen und planen Sie Ihren Urlaub in Sizilien, an der Riviera der Zyklopen.<\/p>\n<\/div><\/div><\/div><\/div><\/div><\/div><\/div><\/section><section class=\"l-section wpb_row height_small\"><div class=\"l-section-h i-cf\"><div class=\"g-cols vc_row type_default valign_top\"><div class=\"vc_col-sm-12 wpb_column vc_column_container\"><div class=\"vc_column-inner\"><div class=\"wpb_wrapper\"><div class=\"w-grid type_grid layout_805 cols_3 overflow_hidden\" id=\"us_grid_1\" data-filterable=\"true\"><style id=\"us_grid_1_css\">#us_grid_1 .w-grid-item{padding:1.5rem}#us_grid_1 .w-grid-list{margin:-1.5rem}.w-grid + #us_grid_1 .w-grid-list{margin-top:1.5rem}@media (max-width:899px){#us_grid_1 .w-grid-item{width:50.0000%}}@media (max-width:599px){#us_grid_1 .w-grid-list{margin:0}#us_grid_1 .w-grid-item{width:100.0000%;padding:0;margin-bottom:1.5rem}}<\/style><style>.layout_805 .w-grid-item-h{background:var(--color-content-bg);color:var(--color-content-text);box-shadow:0 0.03rem 0.06rem rgba(0,0,0,0.1),0 0.10rem 0.30rem rgba(0,0,0,0.1);transition-duration:0.3s}.no-touch .layout_805 .w-grid-item-h:hover{box-shadow:0 0.10rem 0.20rem rgba(0,0,0,0.1),0 0.33rem 1.00rem rgba(0,0,0,0.15);z-index:4}.layout_805 .usg_post_title_1{font-weight:700!important}.layout_805 .usg_vwrapper_1{padding:9% 11% 11% 11%!important}.layout_805 .usg_post_taxonomy_1{font-weight:700!important;text-transform:uppercase!important;font-size:10px!important;position:absolute!important;top:1.2rem!important;right:1.2rem!important;left:1.2rem!important}.layout_805 .usg_hwrapper_1{position:relative!important;top:-15px!important}@media (max-width:599px){.layout_805 .usg_post_title_1{font-size:1.2rem!important}}<\/style><div class=\"w-grid-list\" >\t<article class=\"w-grid-item size_1x1 post-2824 post type-post status-publish format-standard has-post-thumbnail hentry category-exkursionen\" data-id=\"2824\">\r\n\t\t<div class=\"w-grid-item-h\">\r\n\t\t\t\t\t\t<div class=\"w-post-elm post_image usg_post_image_1 has_ratio\"><div style=\"padding-bottom:56.2500%\"><\/div><a href=\"https:\/\/campingjonio.com\/de\/agrigent-und-das-tal-der-tempel\/\" aria-label=\"Agrigent und das Tal der Tempel\"><img width=\"1024\" height=\"683\" src=\"https:\/\/campingjonio.com\/wp-content\/uploads\/2021\/07\/camping-jonio-campeggio-sicilia-itinerari-agrigento-cover-1024x683.jpeg\" class=\"attachment-large size-large wp-post-image\" alt=\"\" loading=\"lazy\" srcset=\"https:\/\/campingjonio.com\/wp-content\/uploads\/2021\/07\/camping-jonio-campeggio-sicilia-itinerari-agrigento-cover-1024x683.jpeg 1024w, https:\/\/campingjonio.com\/wp-content\/uploads\/2021\/07\/camping-jonio-campeggio-sicilia-itinerari-agrigento-cover-300x200.jpeg 300w, https:\/\/campingjonio.com\/wp-content\/uploads\/2021\/07\/camping-jonio-campeggio-sicilia-itinerari-agrigento-cover-200x133.jpeg 200w, https:\/\/campingjonio.com\/wp-content\/uploads\/2021\/07\/camping-jonio-campeggio-sicilia-itinerari-agrigento-cover-150x100.jpeg 150w, https:\/\/campingjonio.com\/wp-content\/uploads\/2021\/07\/camping-jonio-campeggio-sicilia-itinerari-agrigento-cover-100x67.jpeg 100w, https:\/\/campingjonio.com\/wp-content\/uploads\/2021\/07\/camping-jonio-campeggio-sicilia-itinerari-agrigento-cover-70x47.jpeg 70w, https:\/\/campingjonio.com\/wp-content\/uploads\/2021\/07\/camping-jonio-campeggio-sicilia-itinerari-agrigento-cover.jpeg 1200w\" sizes=\"(max-width: 1024px) 100vw, 1024px\" \/><\/a><\/div><div class=\"w-post-elm post_taxonomy usg_post_taxonomy_1 style_badge color_link_inherit\"><a class=\"w-btn us-btn-style_badge\" href=\"https:\/\/campingjonio.com\/de\/category\/exkursionen\/\"><span class=\"w-btn-label\">Exkursionen<\/span><\/a><\/div><div class=\"w-vwrapper usg_vwrapper_1 align_center valign_middle\"><h5 class=\"w-post-elm post_title usg_post_title_1 align_center entry-title color_link_inherit\"><a href=\"https:\/\/campingjonio.com\/de\/agrigent-und-das-tal-der-tempel\/\">Agrigent und das Tal der Tempel<\/a><\/h5><\/div><div class=\"w-hwrapper usg_hwrapper_1 align_center valign_bottom\"><a class=\"w-btn us-btn-style_1 usg_btn_1\" href=\"https:\/\/campingjonio.com\/de\/agrigent-und-das-tal-der-tempel\/\"><span class=\"w-btn-label\">Entdecken Sie<\/span><\/a><\/div>\t\t<\/div>\r\n\t<\/article>\r\n\t<article class=\"w-grid-item size_1x1 post-2828 post type-post status-publish format-standard has-post-thumbnail hentry category-exkursionen\" data-id=\"2828\">\r\n\t\t<div class=\"w-grid-item-h\">\r\n\t\t\t\t\t\t<div class=\"w-post-elm post_image usg_post_image_1 has_ratio\"><div style=\"padding-bottom:56.2500%\"><\/div><a href=\"https:\/\/campingjonio.com\/de\/syrakus-ortigia-und-noto\/\" aria-label=\"Syrakus, Ortigia und Noto\"><img width=\"1024\" height=\"684\" src=\"https:\/\/campingjonio.com\/wp-content\/uploads\/2021\/07\/camping-jonio-campeggio-sicilia-itinerari-ortigia-cover-1024x684.jpeg\" class=\"attachment-large size-large wp-post-image\" alt=\"\" loading=\"lazy\" srcset=\"https:\/\/campingjonio.com\/wp-content\/uploads\/2021\/07\/camping-jonio-campeggio-sicilia-itinerari-ortigia-cover-1024x684.jpeg 1024w, https:\/\/campingjonio.com\/wp-content\/uploads\/2021\/07\/camping-jonio-campeggio-sicilia-itinerari-ortigia-cover-300x200.jpeg 300w, https:\/\/campingjonio.com\/wp-content\/uploads\/2021\/07\/camping-jonio-campeggio-sicilia-itinerari-ortigia-cover-200x134.jpeg 200w, https:\/\/campingjonio.com\/wp-content\/uploads\/2021\/07\/camping-jonio-campeggio-sicilia-itinerari-ortigia-cover-150x100.jpeg 150w, https:\/\/campingjonio.com\/wp-content\/uploads\/2021\/07\/camping-jonio-campeggio-sicilia-itinerari-ortigia-cover-100x67.jpeg 100w, https:\/\/campingjonio.com\/wp-content\/uploads\/2021\/07\/camping-jonio-campeggio-sicilia-itinerari-ortigia-cover-70x47.jpeg 70w, https:\/\/campingjonio.com\/wp-content\/uploads\/2021\/07\/camping-jonio-campeggio-sicilia-itinerari-ortigia-cover.jpeg 1200w\" sizes=\"(max-width: 1024px) 100vw, 1024px\" \/><\/a><\/div><div class=\"w-post-elm post_taxonomy usg_post_taxonomy_1 style_badge color_link_inherit\"><a class=\"w-btn us-btn-style_badge\" href=\"https:\/\/campingjonio.com\/de\/category\/exkursionen\/\"><span class=\"w-btn-label\">Exkursionen<\/span><\/a><\/div><div class=\"w-vwrapper usg_vwrapper_1 align_center valign_middle\"><h5 class=\"w-post-elm post_title usg_post_title_1 align_center entry-title color_link_inherit\"><a href=\"https:\/\/campingjonio.com\/de\/syrakus-ortigia-und-noto\/\">Syrakus, Ortigia und Noto<\/a><\/h5><\/div><div class=\"w-hwrapper usg_hwrapper_1 align_center valign_bottom\"><a class=\"w-btn us-btn-style_1 usg_btn_1\" href=\"https:\/\/campingjonio.com\/de\/syrakus-ortigia-und-noto\/\"><span class=\"w-btn-label\">Entdecken Sie<\/span><\/a><\/div>\t\t<\/div>\r\n\t<\/article>\r\n\t<article class=\"w-grid-item size_1x1 post-2832 post type-post status-publish format-standard has-post-thumbnail hentry category-exkursionen\" data-id=\"2832\">\r\n\t\t<div class=\"w-grid-item-h\">\r\n\t\t\t\t\t\t<div class=\"w-post-elm post_image usg_post_image_1 has_ratio\"><div style=\"padding-bottom:56.2500%\"><\/div><a href=\"https:\/\/campingjonio.com\/de\/taormina-und-die-isola-bella\/\" aria-label=\"Taormina und die Isola Bella\"><img width=\"1024\" height=\"682\" src=\"https:\/\/campingjonio.com\/wp-content\/uploads\/2021\/07\/camping-jonio-campeggio-sicilia-itinerari-taormina-cover-1024x682.jpg\" class=\"attachment-large size-large wp-post-image\" alt=\"\" loading=\"lazy\" srcset=\"https:\/\/campingjonio.com\/wp-content\/uploads\/2021\/07\/camping-jonio-campeggio-sicilia-itinerari-taormina-cover-1024x682.jpg 1024w, https:\/\/campingjonio.com\/wp-content\/uploads\/2021\/07\/camping-jonio-campeggio-sicilia-itinerari-taormina-cover-300x200.jpg 300w, https:\/\/campingjonio.com\/wp-content\/uploads\/2021\/07\/camping-jonio-campeggio-sicilia-itinerari-taormina-cover-200x133.jpg 200w, https:\/\/campingjonio.com\/wp-content\/uploads\/2021\/07\/camping-jonio-campeggio-sicilia-itinerari-taormina-cover-150x100.jpg 150w, https:\/\/campingjonio.com\/wp-content\/uploads\/2021\/07\/camping-jonio-campeggio-sicilia-itinerari-taormina-cover-100x67.jpg 100w, https:\/\/campingjonio.com\/wp-content\/uploads\/2021\/07\/camping-jonio-campeggio-sicilia-itinerari-taormina-cover-70x47.jpg 70w, https:\/\/campingjonio.com\/wp-content\/uploads\/2021\/07\/camping-jonio-campeggio-sicilia-itinerari-taormina-cover.jpg 1100w\" sizes=\"(max-width: 1024px) 100vw, 1024px\" \/><\/a><\/div><div class=\"w-post-elm post_taxonomy usg_post_taxonomy_1 style_badge color_link_inherit\"><a class=\"w-btn us-btn-style_badge\" href=\"https:\/\/campingjonio.com\/de\/category\/exkursionen\/\"><span class=\"w-btn-label\">Exkursionen<\/span><\/a><\/div><div class=\"w-vwrapper usg_vwrapper_1 align_center valign_middle\"><h5 class=\"w-post-elm post_title usg_post_title_1 align_center entry-title color_link_inherit\"><a href=\"https:\/\/campingjonio.com\/de\/taormina-und-die-isola-bella\/\">Taormina und die Isola Bella<\/a><\/h5><\/div><div class=\"w-hwrapper usg_hwrapper_1 align_center valign_bottom\"><a class=\"w-btn us-btn-style_1 usg_btn_1\" href=\"https:\/\/campingjonio.com\/de\/taormina-und-die-isola-bella\/\"><span class=\"w-btn-label\">Entdecken Sie<\/span><\/a><\/div>\t\t<\/div>\r\n\t<\/article>\r\n\t<article class=\"w-grid-item size_1x1 post-2836 post type-post status-publish format-standard has-post-thumbnail hentry category-exkursionen\" data-id=\"2836\">\r\n\t\t<div class=\"w-grid-item-h\">\r\n\t\t\t\t\t\t<div class=\"w-post-elm post_image usg_post_image_1 has_ratio\"><div style=\"padding-bottom:56.2500%\"><\/div><a href=\"https:\/\/campingjonio.com\/de\/aci-castello-und-acitrezza\/\" aria-label=\"Aci Castello und Acitrezza\"><img width=\"1024\" height=\"576\" src=\"https:\/\/campingjonio.com\/wp-content\/uploads\/2021\/07\/camping-jonio-campeggio-sicilia-itinerari-aci-cover-1024x576.jpg\" class=\"attachment-large size-large wp-post-image\" alt=\"\" loading=\"lazy\" srcset=\"https:\/\/campingjonio.com\/wp-content\/uploads\/2021\/07\/camping-jonio-campeggio-sicilia-itinerari-aci-cover-1024x576.jpg 1024w, https:\/\/campingjonio.com\/wp-content\/uploads\/2021\/07\/camping-jonio-campeggio-sicilia-itinerari-aci-cover-300x169.jpg 300w, https:\/\/campingjonio.com\/wp-content\/uploads\/2021\/07\/camping-jonio-campeggio-sicilia-itinerari-aci-cover-200x113.jpg 200w, https:\/\/campingjonio.com\/wp-content\/uploads\/2021\/07\/camping-jonio-campeggio-sicilia-itinerari-aci-cover-150x84.jpg 150w, https:\/\/campingjonio.com\/wp-content\/uploads\/2021\/07\/camping-jonio-campeggio-sicilia-itinerari-aci-cover-100x56.jpg 100w, https:\/\/campingjonio.com\/wp-content\/uploads\/2021\/07\/camping-jonio-campeggio-sicilia-itinerari-aci-cover-70x39.jpg 70w, https:\/\/campingjonio.com\/wp-content\/uploads\/2021\/07\/camping-jonio-campeggio-sicilia-itinerari-aci-cover.jpg 1200w\" sizes=\"(max-width: 1024px) 100vw, 1024px\" \/><\/a><\/div><div class=\"w-post-elm post_taxonomy usg_post_taxonomy_1 style_badge color_link_inherit\"><a class=\"w-btn us-btn-style_badge\" href=\"https:\/\/campingjonio.com\/de\/category\/exkursionen\/\"><span class=\"w-btn-label\">Exkursionen<\/span><\/a><\/div><div class=\"w-vwrapper usg_vwrapper_1 align_center valign_middle\"><h5 class=\"w-post-elm post_title usg_post_title_1 align_center entry-title color_link_inherit\"><a href=\"https:\/\/campingjonio.com\/de\/aci-castello-und-acitrezza\/\">Aci Castello und Acitrezza<\/a><\/h5><\/div><div class=\"w-hwrapper usg_hwrapper_1 align_center valign_bottom\"><a class=\"w-btn us-btn-style_1 usg_btn_1\" href=\"https:\/\/campingjonio.com\/de\/aci-castello-und-acitrezza\/\"><span class=\"w-btn-label\">Entdecken Sie<\/span><\/a><\/div>\t\t<\/div>\r\n\t<\/article>\r\n\t<article class=\"w-grid-item size_1x1 post-2841 post type-post status-publish format-standard has-post-thumbnail hentry category-exkursionen\" data-id=\"2841\">\r\n\t\t<div class=\"w-grid-item-h\">\r\n\t\t\t\t\t\t<div class=\"w-post-elm post_image usg_post_image_1 has_ratio\"><div style=\"padding-bottom:56.2500%\"><\/div><a href=\"https:\/\/campingjonio.com\/de\/aetna-und-die-gole-dellalcantara\/\" aria-label=\"\u00c4tna und die Gole dell&#8217;Alcantara\"><img width=\"1024\" height=\"691\" src=\"https:\/\/campingjonio.com\/wp-content\/uploads\/2021\/07\/camping-jonio-campeggio-sicilia-itinerari-etna-cover-1024x691.jpg\" class=\"attachment-large size-large wp-post-image\" alt=\"\" loading=\"lazy\" srcset=\"https:\/\/campingjonio.com\/wp-content\/uploads\/2021\/07\/camping-jonio-campeggio-sicilia-itinerari-etna-cover-1024x691.jpg 1024w, https:\/\/campingjonio.com\/wp-content\/uploads\/2021\/07\/camping-jonio-campeggio-sicilia-itinerari-etna-cover-300x203.jpg 300w, https:\/\/campingjonio.com\/wp-content\/uploads\/2021\/07\/camping-jonio-campeggio-sicilia-itinerari-etna-cover-200x135.jpg 200w, https:\/\/campingjonio.com\/wp-content\/uploads\/2021\/07\/camping-jonio-campeggio-sicilia-itinerari-etna-cover-150x101.jpg 150w, https:\/\/campingjonio.com\/wp-content\/uploads\/2021\/07\/camping-jonio-campeggio-sicilia-itinerari-etna-cover-100x68.jpg 100w, https:\/\/campingjonio.com\/wp-content\/uploads\/2021\/07\/camping-jonio-campeggio-sicilia-itinerari-etna-cover-70x47.jpg 70w, https:\/\/campingjonio.com\/wp-content\/uploads\/2021\/07\/camping-jonio-campeggio-sicilia-itinerari-etna-cover.jpg 1200w\" sizes=\"(max-width: 1024px) 100vw, 1024px\" \/><\/a><\/div><div class=\"w-post-elm post_taxonomy usg_post_taxonomy_1 style_badge color_link_inherit\"><a class=\"w-btn us-btn-style_badge\" href=\"https:\/\/campingjonio.com\/de\/category\/exkursionen\/\"><span class=\"w-btn-label\">Exkursionen<\/span><\/a><\/div><div class=\"w-vwrapper usg_vwrapper_1 align_center valign_middle\"><h5 class=\"w-post-elm post_title usg_post_title_1 align_center entry-title color_link_inherit\"><a href=\"https:\/\/campingjonio.com\/de\/aetna-und-die-gole-dellalcantara\/\">\u00c4tna und die Gole dell&#8217;Alcantara<\/a><\/h5><\/div><div class=\"w-hwrapper usg_hwrapper_1 align_center valign_bottom\"><a class=\"w-btn us-btn-style_1 usg_btn_1\" href=\"https:\/\/campingjonio.com\/de\/aetna-und-die-gole-dellalcantara\/\"><span class=\"w-btn-label\">Entdecken Sie<\/span><\/a><\/div>\t\t<\/div>\r\n\t<\/article>\r\n\t<article class=\"w-grid-item size_1x1 post-2846 post type-post status-publish format-standard has-post-thumbnail hentry category-exkursionen\" data-id=\"2846\">\r\n\t\t<div class=\"w-grid-item-h\">\r\n\t\t\t\t\t\t<div class=\"w-post-elm post_image usg_post_image_1 has_ratio\"><div style=\"padding-bottom:56.2500%\"><\/div><a href=\"https:\/\/campingjonio.com\/de\/catania\/\" aria-label=\"Catania\"><img width=\"1024\" height=\"576\" src=\"https:\/\/campingjonio.com\/wp-content\/uploads\/2021\/07\/camping-jonio-campeggio-sicilia-itinerari-catania-16.jpeg\" class=\"attachment-large size-large wp-post-image\" alt=\"\" loading=\"lazy\" srcset=\"https:\/\/campingjonio.com\/wp-content\/uploads\/2021\/07\/camping-jonio-campeggio-sicilia-itinerari-catania-16.jpeg 1024w, https:\/\/campingjonio.com\/wp-content\/uploads\/2021\/07\/camping-jonio-campeggio-sicilia-itinerari-catania-16-300x169.jpeg 300w, https:\/\/campingjonio.com\/wp-content\/uploads\/2021\/07\/camping-jonio-campeggio-sicilia-itinerari-catania-16-200x113.jpeg 200w, https:\/\/campingjonio.com\/wp-content\/uploads\/2021\/07\/camping-jonio-campeggio-sicilia-itinerari-catania-16-150x84.jpeg 150w, https:\/\/campingjonio.com\/wp-content\/uploads\/2021\/07\/camping-jonio-campeggio-sicilia-itinerari-catania-16-100x56.jpeg 100w, https:\/\/campingjonio.com\/wp-content\/uploads\/2021\/07\/camping-jonio-campeggio-sicilia-itinerari-catania-16-70x39.jpeg 70w\" sizes=\"(max-width: 1024px) 100vw, 1024px\" \/><\/a><\/div><div class=\"w-post-elm post_taxonomy usg_post_taxonomy_1 style_badge color_link_inherit\"><a class=\"w-btn us-btn-style_badge\" href=\"https:\/\/campingjonio.com\/de\/category\/exkursionen\/\"><span class=\"w-btn-label\">Exkursionen<\/span><\/a><\/div><div class=\"w-vwrapper usg_vwrapper_1 align_center valign_middle\"><h5 class=\"w-post-elm post_title usg_post_title_1 align_center entry-title color_link_inherit\"><a href=\"https:\/\/campingjonio.com\/de\/catania\/\">Catania<\/a><\/h5><\/div><div class=\"w-hwrapper usg_hwrapper_1 align_center valign_bottom\"><a class=\"w-btn us-btn-style_1 usg_btn_1\" href=\"https:\/\/campingjonio.com\/de\/catania\/\"><span class=\"w-btn-label\">Entdecken Sie<\/span><\/a><\/div>\t\t<\/div>\r\n\t<\/article>\r\n<\/div><div class=\"w-grid-preloader\"><div class=\"g-preloader type_1\">\r\n\t<div><\/div>\r\n<\/div>\r\n<\/div>\t<div class=\"w-grid-json hidden\" onclick='return {&quot;action&quot;:&quot;us_ajax_grid&quot;,&quot;ajax_url&quot;:&quot;https:\\\/\\\/campingjonio.com\\\/wp-admin\\\/admin-ajax.php&quot;,&quot;infinite_scroll&quot;:0,&quot;max_num_pages&quot;:1,&quot;pagination&quot;:&quot;none&quot;,&quot;permalink_url&quot;:&quot;https:\\\/\\\/campingjonio.com\\\/de\\\/wp-json\\\/wp\\\/v2\\\/pages\\\/2904\\\/&quot;,&quot;template_vars&quot;:{&quot;columns&quot;:&quot;3&quot;,&quot;exclude_items&quot;:&quot;none&quot;,&quot;img_size&quot;:&quot;default&quot;,&quot;ignore_items_size&quot;:false,&quot;items_layout&quot;:&quot;805&quot;,&quot;items_offset&quot;:&quot;1&quot;,&quot;load_animation&quot;:&quot;none&quot;,&quot;overriding_link&quot;:&quot;none&quot;,&quot;post_id&quot;:2904,&quot;query_args&quot;:{&quot;post_type&quot;:[&quot;post&quot;],&quot;tax_query&quot;:[{&quot;taxonomy&quot;:&quot;category&quot;,&quot;field&quot;:&quot;slug&quot;,&quot;terms&quot;:[&quot;Exkursionen&quot;]}],&quot;post_status&quot;:[&quot;publish&quot;,&quot;dp-rewrite-republish&quot;],&quot;posts_per_page&quot;:999},&quot;orderby_query_args&quot;:{&quot;orderby&quot;:{&quot;date&quot;:&quot;DESC&quot;}},&quot;type&quot;:&quot;grid&quot;,&quot;us_grid_ajax_index&quot;:1,&quot;us_grid_filter_params&quot;:null,&quot;us_grid_index&quot;:1,&quot;_us_grid_post_type&quot;:&quot;post&quot;,&quot;lang&quot;:&quot;de&quot;}}'><\/div>\r\n\t<\/div><\/div><\/div><\/div><\/div><\/div><\/section>\n","protected":false},"excerpt":{"rendered":"[vc_custom_heading text=\"Catania\" font_container=\"tag:h1|text_align:left\" google_fonts=\"font_family:Handlee%3Aregular|font_style:400%20regular%3A400%3Anormal\" css=\"%7B%22default%22%3A%7B%22color%22%3A%22_header_middle_text_hover%22%2C%22text-align%22%3A%22left%22%2C%22font-size%22%3A%2260px%22%7D%2C%22tablets%22%3A%7B%22color%22%3A%22_header_middle_text_hover%22%2C%22text-align%22%3A%22left%22%2C%22font-size%22%3A%2260px%22%7D%2C%22mobiles%22%3A%7B%22color%22%3A%22_header_middle_text_hover%22%2C%22text-align%22%3A%22center%22%2C%22font-size%22%3A%2264%22%7D%7D\"]Bewegen und erkunden Sie sich in Freiheit! Die Stadt Catania verdankt ihre Sch\u00f6nheit der herrlichen Position auf dem Lavafelsen und dem Durchziehen verschiedener V\u00f6lker im Laufe der Jahrhunderte. Wenige Meter vom Campingplatz entfernt beginnt die Panorama-Uferpromenade von Catania, die zu Fu\u00df abgeschritten oder mit dem Auto oder mit dem Fahrrad befahren...","protected":false},"author":1,"featured_media":0,"parent":0,"menu_order":0,"comment_status":"closed","ping_status":"closed","template":"","meta":[],"yoast_head":"<!-- This site is optimized with the Yoast SEO plugin v16.6.1 - https:\/\/yoast.com\/wordpress\/plugins\/seo\/ -->\n<title>Exkursionen - Camping Jonio<\/title>\n<meta name=\"robots\" content=\"index, follow, max-snippet:-1, max-image-preview:large, max-video-preview:-1\" \/>\n<link rel=\"canonical\" href=\"https:\/\/campingjonio.com\/de\/exkursionen\/\" \/>\n<meta property=\"og:locale\" content=\"de_DE\" \/>\n<meta property=\"og:type\" content=\"article\" \/>\n<meta property=\"og:title\" content=\"Exkursionen - Camping Jonio\" \/>\n<meta property=\"og:url\" content=\"https:\/\/campingjonio.com\/de\/exkursionen\/\" \/>\n<meta property=\"og:site_name\" content=\"Camping Jonio\" \/>\n<meta property=\"article:modified_time\" content=\"2022-05-31T12:52:36+00:00\" \/>\n<meta name=\"twitter:card\" content=\"summary_large_image\" \/>\n<meta name=\"twitter:label1\" content=\"Gesch\u00e4tzte Lesezeit\" \/>\n\t<meta name=\"twitter:data1\" content=\"1 Minute\" \/>\n<script type=\"application\/ld+json\" class=\"yoast-schema-graph\">{\"@context\":\"https:\/\/schema.org\",\"@graph\":[{\"@type\":\"WebSite\",\"@id\":\"https:\/\/campingjonio.com\/#website\",\"url\":\"https:\/\/campingjonio.com\/\",\"name\":\"Camping Jonio\",\"description\":\"Un\\u2019oasi di pace nella citt\\u00e0 di Catania\",\"potentialAction\":[{\"@type\":\"SearchAction\",\"target\":{\"@type\":\"EntryPoint\",\"urlTemplate\":\"https:\/\/campingjonio.com\/?s={search_term_string}\"},\"query-input\":\"required name=search_term_string\"}],\"inLanguage\":\"de-DE\"},{\"@type\":\"WebPage\",\"@id\":\"https:\/\/campingjonio.com\/de\/exkursionen\/#webpage\",\"url\":\"https:\/\/campingjonio.com\/de\/exkursionen\/\",\"name\":\"Exkursionen - Camping Jonio\",\"isPartOf\":{\"@id\":\"https:\/\/campingjonio.com\/#website\"},\"datePublished\":\"2021-07-21T11:59:24+00:00\",\"dateModified\":\"2022-05-31T12:52:36+00:00\",\"breadcrumb\":{\"@id\":\"https:\/\/campingjonio.com\/de\/exkursionen\/#breadcrumb\"},\"inLanguage\":\"de-DE\",\"potentialAction\":[{\"@type\":\"ReadAction\",\"target\":[\"https:\/\/campingjonio.com\/de\/exkursionen\/\"]}]},{\"@type\":\"BreadcrumbList\",\"@id\":\"https:\/\/campingjonio.com\/de\/exkursionen\/#breadcrumb\",\"itemListElement\":[{\"@type\":\"ListItem\",\"position\":1,\"name\":\"Home\",\"item\":\"https:\/\/campingjonio.com\/de\/\"},{\"@type\":\"ListItem\",\"position\":2,\"name\":\"Exkursionen\"}]}]}<\/script>\n<!-- \/ Yoast SEO plugin. -->","_links":{"self":[{"href":"https:\/\/campingjonio.com\/de\/wp-json\/wp\/v2\/pages\/2904"}],"collection":[{"href":"https:\/\/campingjonio.com\/de\/wp-json\/wp\/v2\/pages"}],"about":[{"href":"https:\/\/campingjonio.com\/de\/wp-json\/wp\/v2\/types\/page"}],"author":[{"embeddable":true,"href":"https:\/\/campingjonio.com\/de\/wp-json\/wp\/v2\/users\/1"}],"replies":[{"embeddable":true,"href":"https:\/\/campingjonio.com\/de\/wp-json\/wp\/v2\/comments?post=2904"}],"version-history":[{"count":2,"href":"https:\/\/campingjonio.com\/de\/wp-json\/wp\/v2\/pages\/2904\/revisions"}],"predecessor-version":[{"id":2906,"href":"https:\/\/campingjonio.com\/de\/wp-json\/wp\/v2\/pages\/2904\/revisions\/2906"}],"wp:attachment":[{"href":"https:\/\/campingjonio.com\/de\/wp-json\/wp\/v2\/media?parent=2904"}],"curies":[{"name":"wp","href":"https:\/\/api.w.org\/{rel}","templated":true}]}}