{"id":2962,"date":"2021-07-19T13:26:03","date_gmt":"2021-07-19T13:26:03","guid":{"rendered":"https:\/\/campingjonio.com\/contactos\/"},"modified":"2026-03-26T07:37:20","modified_gmt":"2026-03-26T07:37:20","slug":"contactos-camping-jonio","status":"publish","type":"page","link":"https:\/\/campingjonio.com\/es\/contactos-camping-jonio\/","title":{"rendered":"contactos"},"content":{"rendered":"<section class=\"l-section wpb_row height_small with_img with_shape\"><div class=\"l-section-img\" style=\"background-image: url(https:\/\/campingjonio.com\/wp-content\/uploads\/2021\/07\/camping-jonio-campeggio-sicilia-slider-5.jpeg);\" data-img-width=\"1600\" data-img-height=\"1066\"><\/div><div class=\"l-section-shape type_triangle-2 pos_bottom\" style=\"color:var(--color-content-bg);height:70px;\"><svg xmlns=\"http:\/\/www.w3.org\/2000\/svg\" viewBox=\"0 0 64 8\" preserveAspectRatio=\"none\" width=\"100%\" height=\"100%\">\r\n\t<path fill=\"currentColor\" d=\"M64 8 L0 8 L0 0 L48 7.9 L64 0 Z\"\/>\r\n<\/svg><\/div><div class=\"l-section-h i-cf\"><div class=\"g-cols vc_row type_default valign_top\"><div class=\"vc_col-sm-12 wpb_column vc_column_container\"><div class=\"vc_column-inner\"><div class=\"wpb_wrapper\"><div class=\"ult-spacer spacer-69d49c7fed88d\" data-id=\"69d49c7fed88d\" data-height=\"460\" data-height-mobile=\"300\" data-height-tab=\"300\" data-height-tab-portrait=\"300\" data-height-mobile-landscape=\"300\" style=\"clear:both;display:block;\"><\/div><\/div><\/div><\/div><\/div><\/div><\/section><section class=\"l-section wpb_row height_medium\"><div class=\"l-section-h i-cf\"><div class=\"g-cols vc_row type_default valign_top\"><div class=\"vc_col-sm-12 wpb_column vc_column_container\"><div class=\"vc_column-inner\"><div class=\"wpb_wrapper\">[vc_custom_heading text=\u00bbContacta con el Camping Jonio\u00bb font_container=\u00bbtag:h1|text_align:center\u00bb google_fonts=\u00bbfont_family:Handlee%3Aregular|font_style:400%20regular%3A400%3Anormal\u00bb css=\u00bb%7B%22default%22%3A%7B%22color%22%3A%22_header_middle_text_hover%22%2C%22font-size%22%3A%2260px%22%7D%2C%22tablets%22%3A%7B%22color%22%3A%22_header_middle_text_hover%22%2C%22font-size%22%3A%2260px%22%7D%2C%22mobiles%22%3A%7B%22color%22%3A%22_header_middle_text_hover%22%2C%22font-size%22%3A%2264%22%7D%7D\u00bb]<div class=\"wpb_text_column us_custom_06626682 has_text_color\" ><div class=\"wpb_wrapper\"><h3 style=\"text-align: center;\">Contacta con el Camping Jonio<\/h3>\n<\/div><\/div><div class=\"wpb_text_column us_custom_75de650a\" ><div class=\"wpb_wrapper\"><p style=\"text-align: center;\">\u00a1Estaremos encantados de ayudarte a resolver cualquier problema para que tus vacaciones sean tranquilas e inolvidables!<br \/>\n\u00c9stos son los contactos de quien ha atendido mejor a nuestros clientes.<\/p>\n<\/div><\/div><\/div><\/div><\/div><\/div><\/div><\/section><section class=\"l-section wpb_row height_small with_img\" id=\"contatti\"><div class=\"l-section-img\" style=\"background-image: url(https:\/\/campingjonio.com\/wp-content\/uploads\/2021\/07\/deco-blu.png);background-position: center right;background-repeat: no-repeat;background-size: auto;\" data-img-width=\"697\" data-img-height=\"665\"><\/div><div class=\"l-section-h i-cf\"><div class=\"g-cols vc_row type_default valign_top\"><div class=\"vc_col-sm-4 wpb_column vc_column_container\"><div class=\"vc_column-inner\"><div class=\"wpb_wrapper\"><div class=\"w-image has_ratio align_none\"><div class=\"w-image-h\"><div style=\"padding-bottom:100.0000%\"><\/div><img width=\"800\" height=\"702\" src=\"https:\/\/campingjonio.com\/wp-content\/uploads\/2021\/07\/camping-jonio-campeggio-sicilia-servizi-visite-guidate-7.jpeg\" class=\"attachment-large size-large\" alt=\"\" loading=\"lazy\" srcset=\"https:\/\/campingjonio.com\/wp-content\/uploads\/2021\/07\/camping-jonio-campeggio-sicilia-servizi-visite-guidate-7.jpeg 800w, https:\/\/campingjonio.com\/wp-content\/uploads\/2021\/07\/camping-jonio-campeggio-sicilia-servizi-visite-guidate-7-300x263.jpeg 300w, https:\/\/campingjonio.com\/wp-content\/uploads\/2021\/07\/camping-jonio-campeggio-sicilia-servizi-visite-guidate-7-200x176.jpeg 200w, https:\/\/campingjonio.com\/wp-content\/uploads\/2021\/07\/camping-jonio-campeggio-sicilia-servizi-visite-guidate-7-150x132.jpeg 150w, https:\/\/campingjonio.com\/wp-content\/uploads\/2021\/07\/camping-jonio-campeggio-sicilia-servizi-visite-guidate-7-100x88.jpeg 100w, https:\/\/campingjonio.com\/wp-content\/uploads\/2021\/07\/camping-jonio-campeggio-sicilia-servizi-visite-guidate-7-70x61.jpeg 70w\" sizes=\"(max-width: 800px) 100vw, 800px\" \/><\/div><\/div><div class=\"ult-spacer spacer-69d49c7feeb40\" data-id=\"69d49c7feeb40\" data-height=\"30\" data-height-mobile=\"30\" data-height-tab=\"30\" data-height-tab-portrait=\"\" data-height-mobile-landscape=\"\" style=\"clear:both;display:block;\"><\/div><div class=\"w-iconbox us_custom_88d07a11 iconpos_left style_default color_custom align_left no_text has_text_color\"><div class=\"w-iconbox-icon\" style=\"font-size:20px;color:var(--color-content-primary);\"><i class=\"fas fa-map-marker-alt\"><\/i><\/div><div class=\"w-iconbox-meta\"><h6 class=\"w-iconbox-title\">Via V. a Mare 2, 95126 Catania CT<\/h6><\/div><\/div><div class=\"ult-spacer spacer-69d49c7feecc0\" data-id=\"69d49c7feecc0\" data-height=\"15\" data-height-mobile=\"15\" data-height-tab=\"15\" data-height-tab-portrait=\"\" data-height-mobile-landscape=\"\" style=\"clear:both;display:block;\"><\/div><div class=\"w-iconbox us_custom_88d07a11 iconpos_left style_default color_custom align_left no_text has_text_color\"><a target=\"_blank\" href=\"mailto:info@campingjonio.com\" rel=\"noopener\" class=\"w-iconbox-link\" aria-label=\"info@campingjonio.com\"><div class=\"w-iconbox-icon\" style=\"font-size:20px;color:var(--color-content-primary);\"><i class=\"fas fa-envelope\"><\/i><\/div><\/a><div class=\"w-iconbox-meta\"><a target=\"_blank\" href=\"mailto:info@campingjonio.com\" rel=\"noopener\" class=\"w-iconbox-link\" aria-label=\"info@campingjonio.com\"><h6 class=\"w-iconbox-title\">info@campingjonio.com<\/h6><\/a><\/div><\/div><div class=\"ult-spacer spacer-69d49c7feed63\" data-id=\"69d49c7feed63\" data-height=\"15\" data-height-mobile=\"15\" data-height-tab=\"15\" data-height-tab-portrait=\"\" data-height-mobile-landscape=\"\" style=\"clear:both;display:block;\"><\/div><div class=\"w-iconbox us_custom_88d07a11 iconpos_left style_default color_custom align_left no_text has_text_color\"><a target=\"_blank\" href=\"https:\/\/wa.me\/+393474354021\" rel=\"noopener\" class=\"w-iconbox-link\" aria-label=\"+39 392 3732220\"><div class=\"w-iconbox-icon\" style=\"font-size:20px;color:var(--color-content-primary);\"><i class=\"fab fa-whatsapp\"><\/i><\/div><\/a><div class=\"w-iconbox-meta\"><a target=\"_blank\" href=\"https:\/\/wa.me\/+393474354021\" rel=\"noopener\" class=\"w-iconbox-link\" aria-label=\"+39 392 3732220\"><h6 class=\"w-iconbox-title\">+39 392 3732220<\/h6><\/a><\/div><\/div><div class=\"ult-spacer spacer-69d49c7feedeb\" data-id=\"69d49c7feedeb\" data-height=\"15\" data-height-mobile=\"15\" data-height-tab=\"15\" data-height-tab-portrait=\"\" data-height-mobile-landscape=\"\" style=\"clear:both;display:block;\"><\/div><div class=\"w-iconbox us_custom_88d07a11 iconpos_left style_default color_custom align_left no_text has_text_color\"><a target=\"_blank\" href=\"tel:+39095491524\" rel=\"noopener\" class=\"w-iconbox-link\" aria-label=\"+39 095 491524\"><div class=\"w-iconbox-icon\" style=\"font-size:20px;color:var(--color-content-primary);\"><i class=\"fas fa-phone\"><\/i><\/div><\/a><div class=\"w-iconbox-meta\"><a target=\"_blank\" href=\"tel:+39095491524\" rel=\"noopener\" class=\"w-iconbox-link\" aria-label=\"+39 095 491524\"><h6 class=\"w-iconbox-title\">+39 095 491524<\/h6><\/a><\/div><\/div><div class=\"ult-spacer spacer-69d49c7feee96\" data-id=\"69d49c7feee96\" data-height=\"15\" data-height-mobile=\"15\" data-height-tab=\"15\" data-height-tab-portrait=\"\" data-height-mobile-landscape=\"\" style=\"clear:both;display:block;\"><\/div><div class=\"w-iconbox us_custom_88d07a11 iconpos_left style_default color_custom align_left no_text has_text_color\"><a target=\"_blank\" href=\"tel:+39095491139\" rel=\"noopener\" class=\"w-iconbox-link\" aria-label=\"+39 095 491139\"><div class=\"w-iconbox-icon\" style=\"font-size:20px;color:var(--color-alt-content-primary);\"><i class=\"fas fa-phone\"><\/i><\/div><\/a><div class=\"w-iconbox-meta\"><a target=\"_blank\" href=\"tel:+39095491139\" rel=\"noopener\" class=\"w-iconbox-link\" aria-label=\"+39 095 491139\"><h6 class=\"w-iconbox-title\">+39 095 491139<\/h6><\/a><\/div><\/div><div class=\"ult-spacer spacer-69d49c7feef2c\" data-id=\"69d49c7feef2c\" data-height=\"15\" data-height-mobile=\"15\" data-height-tab=\"15\" data-height-tab-portrait=\"\" data-height-mobile-landscape=\"\" style=\"clear:both;display:block;\"><\/div><div class=\"w-iconbox us_custom_88d07a11 iconpos_left style_default color_custom align_left no_text has_text_color\"><a target=\"_blank\" href=\"tel:+393923732220\" rel=\"noopener\" class=\"w-iconbox-link\" aria-label=\"+39 392 3732220\"><div class=\"w-iconbox-icon\" style=\"font-size:20px;color:var(--color-content-primary);\"><i class=\"fas fa-phone\"><\/i><\/div><\/a><div class=\"w-iconbox-meta\"><a target=\"_blank\" href=\"tel:+393923732220\" rel=\"noopener\" class=\"w-iconbox-link\" aria-label=\"+39 392 3732220\"><h6 class=\"w-iconbox-title\">+39 392 3732220<\/h6><\/a><\/div><\/div><\/div><\/div><\/div><div class=\"vc_col-sm-8 wpb_column vc_column_container\"><div class=\"vc_column-inner\"><div class=\"wpb_wrapper\"><div class=\"wpb_text_column\" ><div class=\"wpb_wrapper\">\n<\/div><\/div><div class=\"ult-spacer spacer-69d49c7fef0f0\" data-id=\"69d49c7fef0f0\" data-height=\"20\" data-height-mobile=\"10\" data-height-tab=\"10\" data-height-tab-portrait=\"10\" data-height-mobile-landscape=\"10\" style=\"clear:both;display:block;\"><\/div><\/div><\/div><\/div><\/div><\/div><\/section>\n","protected":false},"excerpt":{"rendered":"[vc_custom_heading text=\"Contacta con el Camping Jonio\" font_container=\"tag:h1|text_align:center\" google_fonts=\"font_family:Handlee%3Aregular|font_style:400%20regular%3A400%3Anormal\" css=\"%7B%22default%22%3A%7B%22color%22%3A%22_header_middle_text_hover%22%2C%22font-size%22%3A%2260px%22%7D%2C%22tablets%22%3A%7B%22color%22%3A%22_header_middle_text_hover%22%2C%22font-size%22%3A%2260px%22%7D%2C%22mobiles%22%3A%7B%22color%22%3A%22_header_middle_text_hover%22%2C%22font-size%22%3A%2264%22%7D%7D\"]Contacta con el Camping Jonio \u00a1Estaremos encantados de ayudarte a resolver cualquier problema para que tus vacaciones sean tranquilas e inolvidables! \u00c9stos son los contactos de quien ha atendido mejor a nuestros clientes. Via V. a Mare 2, 95126 Catania CTinfo@campingjonio.com+39 392 3732220+39 095 491524+39 095 491139+39...","protected":false},"author":1,"featured_media":0,"parent":0,"menu_order":0,"comment_status":"closed","ping_status":"closed","template":"","meta":[],"yoast_head":"<!-- This site is optimized with the Yoast SEO plugin v16.6.1 - https:\/\/yoast.com\/wordpress\/plugins\/seo\/ -->\n<title>Contactos Camping Jonio, Vacaciones Playa Sicilia, Costa C\u00edclopes<\/title>\n<meta name=\"description\" content=\"Contacta con el Camping Jonio y reserva tus vacaciones en Sicilia. Escr\u00edbenos o ll\u00e1manos para cualquier informaci\u00f3n. Te esperamos.\" \/>\n<meta name=\"robots\" content=\"index, follow, max-snippet:-1, max-image-preview:large, max-video-preview:-1\" \/>\n<link rel=\"canonical\" href=\"https:\/\/campingjonio.com\/es\/contactos-camping-jonio\/\" \/>\n<meta property=\"og:locale\" content=\"es_ES\" \/>\n<meta property=\"og:type\" content=\"article\" \/>\n<meta property=\"og:title\" content=\"Contactos Camping Jonio, Vacaciones Playa Sicilia, Costa C\u00edclopes\" \/>\n<meta property=\"og:description\" content=\"Contacta con el Camping Jonio y reserva tus vacaciones en Sicilia. Escr\u00edbenos o ll\u00e1manos para cualquier informaci\u00f3n. Te esperamos.\" \/>\n<meta property=\"og:url\" content=\"https:\/\/campingjonio.com\/es\/contactos-camping-jonio\/\" \/>\n<meta property=\"og:site_name\" content=\"Camping Jonio\" \/>\n<meta property=\"article:modified_time\" content=\"2026-03-26T07:37:20+00:00\" \/>\n<meta name=\"twitter:card\" content=\"summary_large_image\" \/>\n<meta name=\"twitter:label1\" content=\"Tiempo de lectura\" \/>\n\t<meta name=\"twitter:data1\" content=\"1 minuto\" \/>\n<script type=\"application\/ld+json\" class=\"yoast-schema-graph\">{\"@context\":\"https:\/\/schema.org\",\"@graph\":[{\"@type\":\"WebSite\",\"@id\":\"https:\/\/campingjonio.com\/#website\",\"url\":\"https:\/\/campingjonio.com\/\",\"name\":\"Camping Jonio\",\"description\":\"Un\\u2019oasi di pace nella citt\\u00e0 di Catania\",\"potentialAction\":[{\"@type\":\"SearchAction\",\"target\":{\"@type\":\"EntryPoint\",\"urlTemplate\":\"https:\/\/campingjonio.com\/?s={search_term_string}\"},\"query-input\":\"required name=search_term_string\"}],\"inLanguage\":\"es\"},{\"@type\":\"WebPage\",\"@id\":\"https:\/\/campingjonio.com\/es\/contactos-camping-jonio\/#webpage\",\"url\":\"https:\/\/campingjonio.com\/es\/contactos-camping-jonio\/\",\"name\":\"Contactos Camping Jonio, Vacaciones Playa Sicilia, Costa C\\u00edclopes\",\"isPartOf\":{\"@id\":\"https:\/\/campingjonio.com\/#website\"},\"datePublished\":\"2021-07-19T13:26:03+00:00\",\"dateModified\":\"2026-03-26T07:37:20+00:00\",\"description\":\"Contacta con el Camping Jonio y reserva tus vacaciones en Sicilia. Escr\\u00edbenos o ll\\u00e1manos para cualquier informaci\\u00f3n. Te esperamos.\",\"breadcrumb\":{\"@id\":\"https:\/\/campingjonio.com\/es\/contactos-camping-jonio\/#breadcrumb\"},\"inLanguage\":\"es\",\"potentialAction\":[{\"@type\":\"ReadAction\",\"target\":[\"https:\/\/campingjonio.com\/es\/contactos-camping-jonio\/\"]}]},{\"@type\":\"BreadcrumbList\",\"@id\":\"https:\/\/campingjonio.com\/es\/contactos-camping-jonio\/#breadcrumb\",\"itemListElement\":[{\"@type\":\"ListItem\",\"position\":1,\"name\":\"Home\",\"item\":\"https:\/\/campingjonio.com\/es\/\"},{\"@type\":\"ListItem\",\"position\":2,\"name\":\"contactos\"}]}]}<\/script>\n<!-- \/ Yoast SEO plugin. -->","_links":{"self":[{"href":"https:\/\/campingjonio.com\/es\/wp-json\/wp\/v2\/pages\/2962"}],"collection":[{"href":"https:\/\/campingjonio.com\/es\/wp-json\/wp\/v2\/pages"}],"about":[{"href":"https:\/\/campingjonio.com\/es\/wp-json\/wp\/v2\/types\/page"}],"author":[{"embeddable":true,"href":"https:\/\/campingjonio.com\/es\/wp-json\/wp\/v2\/users\/1"}],"replies":[{"embeddable":true,"href":"https:\/\/campingjonio.com\/es\/wp-json\/wp\/v2\/comments?post=2962"}],"version-history":[{"count":6,"href":"https:\/\/campingjonio.com\/es\/wp-json\/wp\/v2\/pages\/2962\/revisions"}],"predecessor-version":[{"id":3538,"href":"https:\/\/campingjonio.com\/es\/wp-json\/wp\/v2\/pages\/2962\/revisions\/3538"}],"wp:attachment":[{"href":"https:\/\/campingjonio.com\/es\/wp-json\/wp\/v2\/media?parent=2962"}],"curies":[{"name":"wp","href":"https:\/\/api.w.org\/{rel}","templated":true}]}}