{"id":3044,"date":"2021-07-19T13:26:03","date_gmt":"2021-07-19T13:26:03","guid":{"rendered":"https:\/\/campingjonio.com\/contactez-nous\/"},"modified":"2026-03-26T07:36:59","modified_gmt":"2026-03-26T07:36:59","slug":"contacts-camping-jonio","status":"publish","type":"page","link":"https:\/\/campingjonio.com\/fr\/contacts-camping-jonio\/","title":{"rendered":"Contactez-nous"},"content":{"rendered":"<section class=\"l-section wpb_row height_small with_img with_shape\"><div class=\"l-section-img\" style=\"background-image: url(https:\/\/campingjonio.com\/wp-content\/uploads\/2021\/07\/camping-jonio-campeggio-sicilia-slider-5.jpeg);\" data-img-width=\"1600\" data-img-height=\"1066\"><\/div><div class=\"l-section-shape type_triangle-2 pos_bottom\" style=\"color:var(--color-content-bg);height:70px;\"><svg xmlns=\"http:\/\/www.w3.org\/2000\/svg\" viewBox=\"0 0 64 8\" preserveAspectRatio=\"none\" width=\"100%\" height=\"100%\">\r\n\t<path fill=\"currentColor\" d=\"M64 8 L0 8 L0 0 L48 7.9 L64 0 Z\"\/>\r\n<\/svg><\/div><div class=\"l-section-h i-cf\"><div class=\"g-cols vc_row type_default valign_top\"><div class=\"vc_col-sm-12 wpb_column vc_column_container\"><div class=\"vc_column-inner\"><div class=\"wpb_wrapper\"><div class=\"ult-spacer spacer-69d4b24b00d47\" data-id=\"69d4b24b00d47\" data-height=\"460\" data-height-mobile=\"300\" data-height-tab=\"300\" data-height-tab-portrait=\"300\" data-height-mobile-landscape=\"300\" style=\"clear:both;display:block;\"><\/div><\/div><\/div><\/div><\/div><\/div><\/section><section class=\"l-section wpb_row height_medium\"><div class=\"l-section-h i-cf\"><div class=\"g-cols vc_row type_default valign_top\"><div class=\"vc_col-sm-12 wpb_column vc_column_container\"><div class=\"vc_column-inner\"><div class=\"wpb_wrapper\">[vc_custom_heading text=\u00a0\u00bbContactez le Camping Jonio\u00a0\u00bb font_container=\u00a0\u00bbtag:h1|text_align:center\u00a0\u00bb google_fonts=\u00a0\u00bbfont_family:Handlee%3Aregular|font_style:400%20regular%3A400%3Anormal\u00a0\u00bb css=\u00a0\u00bb%7B%22default%22%3A%7B%22color%22%3A%22_header_middle_text_hover%22%2C%22font-size%22%3A%2260px%22%7D%2C%22tablets%22%3A%7B%22color%22%3A%22_header_middle_text_hover%22%2C%22font-size%22%3A%2260px%22%7D%2C%22mobiles%22%3A%7B%22color%22%3A%22_header_middle_text_hover%22%2C%22font-size%22%3A%2264%22%7D%7D\u00a0\u00bb]<div class=\"wpb_text_column us_custom_06626682 has_text_color\" ><div class=\"wpb_wrapper\"><h3 style=\"text-align: center;\">Demandez des informations et r\u00e9servez vos vacances \u00e0 Catane.<\/h3>\n<\/div><\/div><div class=\"wpb_text_column us_custom_75de650a\" ><div class=\"wpb_wrapper\"><p style=\"text-align: center;\">Nous sommes ravis de vous aider \u00e0 r\u00e9soudre tout probl\u00e8me, afin que vous profitez de vos vacances !<br \/>\nVoici les contacts de ceux qui ont aid\u00e9 au mieux nos clients.<\/p>\n<\/div><\/div><\/div><\/div><\/div><\/div><\/div><\/section><section class=\"l-section wpb_row height_small with_img\" id=\"contacts\"><div class=\"l-section-img\" style=\"background-image: url(https:\/\/campingjonio.com\/wp-content\/uploads\/2021\/07\/deco-blu.png);background-position: center right;background-repeat: no-repeat;background-size: auto;\" data-img-width=\"697\" data-img-height=\"665\"><\/div><div class=\"l-section-h i-cf\"><div class=\"g-cols vc_row type_default valign_top\"><div class=\"vc_col-sm-4 wpb_column vc_column_container\"><div class=\"vc_column-inner\"><div class=\"wpb_wrapper\"><div class=\"w-image has_ratio align_none\"><div class=\"w-image-h\"><div style=\"padding-bottom:100.0000%\"><\/div><img width=\"800\" height=\"702\" src=\"https:\/\/campingjonio.com\/wp-content\/uploads\/2021\/07\/camping-jonio-campeggio-sicilia-servizi-visite-guidate-7.jpeg\" class=\"attachment-large size-large\" alt=\"\" loading=\"lazy\" srcset=\"https:\/\/campingjonio.com\/wp-content\/uploads\/2021\/07\/camping-jonio-campeggio-sicilia-servizi-visite-guidate-7.jpeg 800w, https:\/\/campingjonio.com\/wp-content\/uploads\/2021\/07\/camping-jonio-campeggio-sicilia-servizi-visite-guidate-7-300x263.jpeg 300w, https:\/\/campingjonio.com\/wp-content\/uploads\/2021\/07\/camping-jonio-campeggio-sicilia-servizi-visite-guidate-7-200x176.jpeg 200w, https:\/\/campingjonio.com\/wp-content\/uploads\/2021\/07\/camping-jonio-campeggio-sicilia-servizi-visite-guidate-7-150x132.jpeg 150w, https:\/\/campingjonio.com\/wp-content\/uploads\/2021\/07\/camping-jonio-campeggio-sicilia-servizi-visite-guidate-7-100x88.jpeg 100w, https:\/\/campingjonio.com\/wp-content\/uploads\/2021\/07\/camping-jonio-campeggio-sicilia-servizi-visite-guidate-7-70x61.jpeg 70w\" sizes=\"(max-width: 800px) 100vw, 800px\" \/><\/div><\/div><div class=\"ult-spacer spacer-69d4b24b02032\" data-id=\"69d4b24b02032\" data-height=\"30\" data-height-mobile=\"30\" data-height-tab=\"30\" data-height-tab-portrait=\"\" data-height-mobile-landscape=\"\" style=\"clear:both;display:block;\"><\/div><div class=\"w-iconbox us_custom_88d07a11 iconpos_left style_default color_custom align_left no_text has_text_color\"><div class=\"w-iconbox-icon\" style=\"font-size:20px;color:var(--color-content-primary);\"><i class=\"fas fa-map-marker-alt\"><\/i><\/div><div class=\"w-iconbox-meta\"><h6 class=\"w-iconbox-title\">Via V. a Mare 2, 95126 Catania CT<\/h6><\/div><\/div><div class=\"ult-spacer spacer-69d4b24b021d8\" data-id=\"69d4b24b021d8\" data-height=\"15\" data-height-mobile=\"15\" data-height-tab=\"15\" data-height-tab-portrait=\"\" data-height-mobile-landscape=\"\" style=\"clear:both;display:block;\"><\/div><div class=\"w-iconbox us_custom_88d07a11 iconpos_left style_default color_custom align_left no_text has_text_color\"><a target=\"_blank\" href=\"mailto:info@campingjonio.com\" rel=\"noopener\" class=\"w-iconbox-link\" aria-label=\"info@campingjonio.com\"><div class=\"w-iconbox-icon\" style=\"font-size:20px;color:var(--color-content-primary);\"><i class=\"fas fa-envelope\"><\/i><\/div><\/a><div class=\"w-iconbox-meta\"><a target=\"_blank\" href=\"mailto:info@campingjonio.com\" rel=\"noopener\" class=\"w-iconbox-link\" aria-label=\"info@campingjonio.com\"><h6 class=\"w-iconbox-title\">info@campingjonio.com<\/h6><\/a><\/div><\/div><div class=\"ult-spacer spacer-69d4b24b0229b\" data-id=\"69d4b24b0229b\" data-height=\"15\" data-height-mobile=\"15\" data-height-tab=\"15\" data-height-tab-portrait=\"\" data-height-mobile-landscape=\"\" style=\"clear:both;display:block;\"><\/div><div class=\"w-iconbox us_custom_88d07a11 iconpos_left style_default color_custom align_left no_text has_text_color\"><a target=\"_blank\" href=\"https:\/\/wa.me\/+393474354021\" rel=\"noopener\" class=\"w-iconbox-link\" aria-label=\"+39 392 3732220\"><div class=\"w-iconbox-icon\" style=\"font-size:20px;color:var(--color-content-primary);\"><i class=\"fab fa-whatsapp\"><\/i><\/div><\/a><div class=\"w-iconbox-meta\"><a target=\"_blank\" href=\"https:\/\/wa.me\/+393474354021\" rel=\"noopener\" class=\"w-iconbox-link\" aria-label=\"+39 392 3732220\"><h6 class=\"w-iconbox-title\">+39 392 3732220<\/h6><\/a><\/div><\/div><div class=\"ult-spacer spacer-69d4b24b02349\" data-id=\"69d4b24b02349\" data-height=\"15\" data-height-mobile=\"15\" data-height-tab=\"15\" data-height-tab-portrait=\"\" data-height-mobile-landscape=\"\" style=\"clear:both;display:block;\"><\/div><div class=\"w-iconbox us_custom_88d07a11 iconpos_left style_default color_custom align_left no_text has_text_color\"><a target=\"_blank\" href=\"tel:+39095491524\" rel=\"noopener\" class=\"w-iconbox-link\" aria-label=\"+39 095 491524\"><div class=\"w-iconbox-icon\" style=\"font-size:20px;color:var(--color-content-primary);\"><i class=\"fas fa-phone\"><\/i><\/div><\/a><div class=\"w-iconbox-meta\"><a target=\"_blank\" href=\"tel:+39095491524\" rel=\"noopener\" class=\"w-iconbox-link\" aria-label=\"+39 095 491524\"><h6 class=\"w-iconbox-title\">+39 095 491524<\/h6><\/a><\/div><\/div><div class=\"ult-spacer spacer-69d4b24b023ce\" data-id=\"69d4b24b023ce\" data-height=\"15\" data-height-mobile=\"15\" data-height-tab=\"15\" data-height-tab-portrait=\"\" data-height-mobile-landscape=\"\" style=\"clear:both;display:block;\"><\/div><div class=\"w-iconbox us_custom_88d07a11 iconpos_left style_default color_custom align_left no_text has_text_color\"><a target=\"_blank\" href=\"tel:+39095491139\" rel=\"noopener\" class=\"w-iconbox-link\" aria-label=\"+39 095 491139\"><div class=\"w-iconbox-icon\" style=\"font-size:20px;color:var(--color-alt-content-primary);\"><i class=\"fas fa-phone\"><\/i><\/div><\/a><div class=\"w-iconbox-meta\"><a target=\"_blank\" href=\"tel:+39095491139\" rel=\"noopener\" class=\"w-iconbox-link\" aria-label=\"+39 095 491139\"><h6 class=\"w-iconbox-title\">+39 095 491139<\/h6><\/a><\/div><\/div><div class=\"ult-spacer spacer-69d4b24b0244d\" data-id=\"69d4b24b0244d\" data-height=\"15\" data-height-mobile=\"15\" data-height-tab=\"15\" data-height-tab-portrait=\"\" data-height-mobile-landscape=\"\" style=\"clear:both;display:block;\"><\/div><div class=\"w-iconbox us_custom_88d07a11 iconpos_left style_default color_custom align_left no_text has_text_color\"><a target=\"_blank\" href=\"tel:+393923732220\" rel=\"noopener\" class=\"w-iconbox-link\" aria-label=\"+39 392 3732220\"><div class=\"w-iconbox-icon\" style=\"font-size:20px;color:var(--color-content-primary);\"><i class=\"fas fa-phone\"><\/i><\/div><\/a><div class=\"w-iconbox-meta\"><a target=\"_blank\" href=\"tel:+393923732220\" rel=\"noopener\" class=\"w-iconbox-link\" aria-label=\"+39 392 3732220\"><h6 class=\"w-iconbox-title\">+39 392 3732220<\/h6><\/a><\/div><\/div><\/div><\/div><\/div><div class=\"vc_col-sm-8 wpb_column vc_column_container\"><div class=\"vc_column-inner\"><div class=\"wpb_wrapper\"><div class=\"wpb_text_column\" ><div class=\"wpb_wrapper\">\n<\/div><\/div><div class=\"ult-spacer spacer-69d4b24b026cf\" data-id=\"69d4b24b026cf\" data-height=\"20\" data-height-mobile=\"10\" data-height-tab=\"10\" data-height-tab-portrait=\"10\" data-height-mobile-landscape=\"10\" style=\"clear:both;display:block;\"><\/div><\/div><\/div><\/div><\/div><\/div><\/section>\n","protected":false},"excerpt":{"rendered":"[vc_custom_heading text=\"Contactez le Camping Jonio\" font_container=\"tag:h1|text_align:center\" google_fonts=\"font_family:Handlee%3Aregular|font_style:400%20regular%3A400%3Anormal\" css=\"%7B%22default%22%3A%7B%22color%22%3A%22_header_middle_text_hover%22%2C%22font-size%22%3A%2260px%22%7D%2C%22tablets%22%3A%7B%22color%22%3A%22_header_middle_text_hover%22%2C%22font-size%22%3A%2260px%22%7D%2C%22mobiles%22%3A%7B%22color%22%3A%22_header_middle_text_hover%22%2C%22font-size%22%3A%2264%22%7D%7D\"]Demandez des informations et r\u00e9servez vos vacances \u00e0 Catane. Nous sommes ravis de vous aider \u00e0 r\u00e9soudre tout probl\u00e8me, afin que vous profitez de vos vacances ! Voici les contacts de ceux qui ont aid\u00e9 au mieux nos clients. Via V. a Mare 2, 95126 Catania CTinfo@campingjonio.com+39 392...","protected":false},"author":1,"featured_media":0,"parent":0,"menu_order":0,"comment_status":"closed","ping_status":"closed","template":"","meta":[],"yoast_head":"<!-- This site is optimized with the Yoast SEO plugin v16.6.1 - https:\/\/yoast.com\/wordpress\/plugins\/seo\/ -->\n<title>Contacts Camping Jonio, Vacances Mer en Sicile, Riviera des Cyclopes<\/title>\n<meta name=\"description\" content=\"Contactez le Camping Jonio et r\u00e9servez vos vacances en Sicile. \u00c9crivez-nous ou t\u00e9l\u00e9phonez-nous pour toute information. Nous vous attendons.\" \/>\n<meta name=\"robots\" content=\"index, follow, max-snippet:-1, max-image-preview:large, max-video-preview:-1\" \/>\n<link rel=\"canonical\" href=\"https:\/\/campingjonio.com\/fr\/contacts-camping-jonio\/\" \/>\n<meta property=\"og:locale\" content=\"fr_FR\" \/>\n<meta property=\"og:type\" content=\"article\" \/>\n<meta property=\"og:title\" content=\"Contacts Camping Jonio, Vacances Mer en Sicile, Riviera des Cyclopes\" \/>\n<meta property=\"og:description\" content=\"Contactez le Camping Jonio et r\u00e9servez vos vacances en Sicile. \u00c9crivez-nous ou t\u00e9l\u00e9phonez-nous pour toute information. Nous vous attendons.\" \/>\n<meta property=\"og:url\" content=\"https:\/\/campingjonio.com\/fr\/contacts-camping-jonio\/\" \/>\n<meta property=\"og:site_name\" content=\"Camping Jonio\" \/>\n<meta property=\"article:modified_time\" content=\"2026-03-26T07:36:59+00:00\" \/>\n<meta name=\"twitter:card\" content=\"summary_large_image\" \/>\n<meta name=\"twitter:label1\" content=\"Dur\u00e9e de lecture est.\" \/>\n\t<meta name=\"twitter:data1\" content=\"1 minute\" \/>\n<script type=\"application\/ld+json\" class=\"yoast-schema-graph\">{\"@context\":\"https:\/\/schema.org\",\"@graph\":[{\"@type\":\"WebSite\",\"@id\":\"https:\/\/campingjonio.com\/#website\",\"url\":\"https:\/\/campingjonio.com\/\",\"name\":\"Camping Jonio\",\"description\":\"Un\\u2019oasi di pace nella citt\\u00e0 di Catania\",\"potentialAction\":[{\"@type\":\"SearchAction\",\"target\":{\"@type\":\"EntryPoint\",\"urlTemplate\":\"https:\/\/campingjonio.com\/?s={search_term_string}\"},\"query-input\":\"required name=search_term_string\"}],\"inLanguage\":\"fr-FR\"},{\"@type\":\"WebPage\",\"@id\":\"https:\/\/campingjonio.com\/fr\/contacts-camping-jonio\/#webpage\",\"url\":\"https:\/\/campingjonio.com\/fr\/contacts-camping-jonio\/\",\"name\":\"Contacts Camping Jonio, Vacances Mer en Sicile, Riviera des Cyclopes\",\"isPartOf\":{\"@id\":\"https:\/\/campingjonio.com\/#website\"},\"datePublished\":\"2021-07-19T13:26:03+00:00\",\"dateModified\":\"2026-03-26T07:36:59+00:00\",\"description\":\"Contactez le Camping Jonio et r\\u00e9servez vos vacances en Sicile. \\u00c9crivez-nous ou t\\u00e9l\\u00e9phonez-nous pour toute information. Nous vous attendons.\",\"breadcrumb\":{\"@id\":\"https:\/\/campingjonio.com\/fr\/contacts-camping-jonio\/#breadcrumb\"},\"inLanguage\":\"fr-FR\",\"potentialAction\":[{\"@type\":\"ReadAction\",\"target\":[\"https:\/\/campingjonio.com\/fr\/contacts-camping-jonio\/\"]}]},{\"@type\":\"BreadcrumbList\",\"@id\":\"https:\/\/campingjonio.com\/fr\/contacts-camping-jonio\/#breadcrumb\",\"itemListElement\":[{\"@type\":\"ListItem\",\"position\":1,\"name\":\"Home\",\"item\":\"https:\/\/campingjonio.com\/fr\/\"},{\"@type\":\"ListItem\",\"position\":2,\"name\":\"Contactez-nous\"}]}]}<\/script>\n<!-- \/ Yoast SEO plugin. -->","_links":{"self":[{"href":"https:\/\/campingjonio.com\/fr\/wp-json\/wp\/v2\/pages\/3044"}],"collection":[{"href":"https:\/\/campingjonio.com\/fr\/wp-json\/wp\/v2\/pages"}],"about":[{"href":"https:\/\/campingjonio.com\/fr\/wp-json\/wp\/v2\/types\/page"}],"author":[{"embeddable":true,"href":"https:\/\/campingjonio.com\/fr\/wp-json\/wp\/v2\/users\/1"}],"replies":[{"embeddable":true,"href":"https:\/\/campingjonio.com\/fr\/wp-json\/wp\/v2\/comments?post=3044"}],"version-history":[{"count":4,"href":"https:\/\/campingjonio.com\/fr\/wp-json\/wp\/v2\/pages\/3044\/revisions"}],"predecessor-version":[{"id":3536,"href":"https:\/\/campingjonio.com\/fr\/wp-json\/wp\/v2\/pages\/3044\/revisions\/3536"}],"wp:attachment":[{"href":"https:\/\/campingjonio.com\/fr\/wp-json\/wp\/v2\/media?parent=3044"}],"curies":[{"name":"wp","href":"https:\/\/api.w.org\/{rel}","templated":true}]}}